{"id":274986,"date":"2023-04-25T22:06:35","date_gmt":"2023-04-25T18:06:35","guid":{"rendered":"https:\/\/dubaioffroaders.com\/web\/?page_id=274986"},"modified":"2023-04-25T22:06:37","modified_gmt":"2023-04-25T18:06:37","slug":"welcome-to-dubai-offroaders","status":"publish","type":"page","link":"https:\/\/dubaioffroaders.com\/web\/welcome-to-dubai-offroaders\/","title":{"rendered":"Welcome to Dubai Offroaders"},"content":{"rendered":"<p>So, you bought your first 4&#215;4, possibly made a few modifications such as a set of Offroad Tyres or a lift kit for the suspension, and now you are ready to start taking your vehicle off the established Roads or tracks.<\/p>\n<p>If you are a newcomer to off-roading \u2013 whether you\u2019re joining an organized trail run or just exploring trails with a few friends \u2013 there are some important points of trail etiquette to know.<\/p>\n<p>Follow these simple tips to help keep you and others safe as well as get you started in the dedicated and fun &#8216;wheeling community:<\/p>\n<p>LAND USE<br \/>\nMost of us are on the trail because we love spending time in the beautiful outdoors and have great respect for the land. Nobody wants to be the jerk who breaks the rules, resulting in accidents, littered natural scenery and other damaging consequences.<br \/>\n1. Know Before You Go.<br \/>\nOffroading is classified as an adventure sport and it is rightly classified as a dangerous sport as there is a lot that can go wrong for the unprepared and the untrained.<br \/>\nNEVER OFFROAD ALONE, THERE SHOULD BE AT LEAST 2 PREFERABLY MINIMUM 3 VEHICLES, WHEN OFFROADING.<\/p>\n<p>Be prepared for it every time you go out. Always carry extra food and water in case you are out several hours longer than you had planned. Be patient, helpful and keep a good attitude; because next time, it could be you.<\/p>\n<p>2. Tread Lightly.<br \/>\nStay on marked trails, don\u2019t drive over vegetation, cross streams only at designated fording points where the trail crosses the stream, drive over (not around) obstacles to avoid widening the trail, and respect all signage and barriers.<\/p>\n<p>3. Leave No Trace.<br \/>\nPack it in, pack it out. Better yet, carry a trash bag and pack out more than you pack in. Stop to pick up that plastic water bottle you see on the side of the trail. I have one friend who keeps a running count of the empty water bottles he finds along the way.<\/p>\n<p>4. Get the Gate.<br \/>\nLeave gates the way you found them.<br \/>\nIf you open a gate, close it behind you.<\/p>\n<p>SAFETY<br \/>\nWhile we all love nature and our vehicles that get us there, it can also be a dangerous place. Following a common set of etiquette helps to keep everyone out there safe.<\/p>\n<p>1. Yield Right of Way.<br \/>\n\u00d4\u00c7\u00a3A raised fist means: &#8216;I am the last vehicle in my group.&#8217;\u00d4\u00c7\u00d8<br \/>\nOn multi-use trails, yield right of way to mountain bikes, hikers, and animals. Slow down and give them plenty of room and keep in mind to not dust them out. Take special caution when encountering Cattle, sheep, Goats and specially Camels, they can be easily spooked by loud noises and unexpected movement. If you come across Camels on the trail you should pull over to the side, and let the Camel decide which way they want to proceed.<br \/>\nBasic courtesy, after all we are the ones encroaching, in their habitat.<\/p>\n<p>2. Let Yourselves Be Known.<br \/>\nNo, that guy in the on-coming vehicle is not flipping you off or flashing a peace sign! He is telling you how many vehicles are behind him. It is common practice when traveling with a group of vehicles to let on-coming traffic know how many rigs are in your group, especially on narrow trails and obstacles with limited visibility where someone needs to pull over to let your group safely pass. A raised fist means: \u00d4\u00c7\u00a3I am the last vehicle in my group.\u00d4\u00c7\u00d8<\/p>\n<p>3. Know Who&#8217;s King of the Hill.<br \/>\nIt\u2019s not uncommon for vehicles to become widely spread out, especially on dusty trails&#8230;\u00d4\u00c7\u00d8<br \/>\nWhen two vehicles meet on a steep hill, the vehicle traveling up the hill has the right of way. This is because the vehicle traveling uphill may need to maintain momentum, and because it is more difficult and dangerous to back down a steep narrow trail. Common sense should prevail though; if it is easier and there is room for the uphill vehicle to pull over, it would not make sense to expect the downhill vehicle to back up the hill. Either way backing up is tough. If you are going up a big obstacle like a long, steep rocky climb, it may make sense to send a spotter up on foot to make sure the trail is clear and to warn any on-coming vehicles.<\/p>\n<p>4. Space Is a Good Thing.<br \/>\nLeave plenty of room for the vehicle in front of you, especially when navigating obstacles, climbing steep hills or in low visibility. If the vehicle in front of you loses traction (or worst-case scenario, rolls over), you do not want to be right behind it.<\/p>\n<p>5. Do not Stop, Stupid.<br \/>\nNever stop your vehicle on a blind curve or in the middle of trail \u2013 wait until you reach a place where you can safely pull over off the trail.<\/p>\n<p>6. Watch Your Back.<br \/>\nWhen traveling with a group of vehicles, each person is responsible for keeping an eye on the vehicle behind them. It is not uncommon for vehicles to become widely spread out, especially on dusty trails, but you do not want to lose anyone, particularly if they run into trouble. If you lose sight of the vehicle behind you, slow down until you can see them or attempt to make radio contact if you cannot spot them. Always stop before making a turn off a trail to make sure the vehicle behind you sees where the turn is. You are also responsible for maintaining visual contact with the vehicle in front of you.<br \/>\nIf you have a problem and fall behind or need to stop, use your radio to let your group know.<\/p>\n<p>7. Do not Drink and Drive.<br \/>\nSave drinking for the campfire. Drinking alcohol is extremely dangerous while wheeling, endangering not only you but also everyone else on the trail.<\/p>\n<p>RESPECT FOR OTHERS<\/p>\n<p>While these things are common sense, keep them in mind whenever venturing out to go wheeling. Everyone has more fun when everyone in the community looks out for one another.<\/p>\n<p>1. Mind Your Dust and Noise.<br \/>\nSlow down when you pass other vehicles, Cyclists, hikers, and campsites.<\/p>\n<p>2. Keep It decent.<br \/>\nMonitoring your own language on the communication Radio may not be second nature, but some people in hearing range may have kids with them; be aware that any foul language you are using is being heard by them too.<\/p>\n<p>3. Know When to Say When.<br \/>\nThere is nothing wrong with being pulled or winched through an obstacle if you cannot make it through on your own after a reasonable number of attempts. If you&#8217;ve made multiple attempts at an obstacle and there is a line of rigs backed up behind you that have been waiting half an hour for you to get out of the way but you still want to keep trying, move aside and let them through before making another run at it.<\/p>\n<p>4. Leave Your Ego at Home.<br \/>\nDo not let others pressure you into doing something you are not comfortable doing. There is nothing wrong with taking a bypass if you or your vehicle is not up to tackling an obstacle.<\/p>\n<p>5. Stop to Help Others.<br \/>\nAll of us out there rely on each other, especially in remote areas. The off road community is the friendliest and most helpful group of people there is. If you see someone stopped on the side of trail, ask them if they need help and be prepared to give it.<\/p>\n<p>6. Leave No Man Behind.<br \/>\nI would hope this would not even need to be said, but I can tell you I&#8217;ve seen it happen. If a vehicle in your group has a problem, the group stays until the problem is resolved. It is not right to leave someone out on the trail to fend for themselves with a stuck or broken vehicle, especially in a remote location where things can quickly turn into a life or death situation.<br \/>\nBe prepared for it every time you go out. Always carry extra food and water in case you are out several hours longer than you had planned. Be patient, helpful and keep a good attitude; because next time, it could be you.<br \/>\nKeep safe and have fun.<\/p>\n","protected":false},"excerpt":{"rendered":"<p>So, you bought your first 4&#215;4, possibly made a few modifications such as a set of Offroad Tyres or a lift kit for the suspension, and now you are ready to start taking your vehicle off the established Roads or tracks. If you are a newcomer to off-roading \u2013 whether you\u2019re joining an organized trail&#8230;<\/p>\n","protected":false},"author":91456,"featured_media":0,"parent":0,"menu_order":0,"comment_status":"closed","ping_status":"closed","template":"","meta":{"_acf_changed":false,"_bbp_topic_count":0,"_bbp_reply_count":0,"_bbp_total_topic_count":0,"_bbp_total_reply_count":0,"_bbp_voice_count":0,"_bbp_anonymous_reply_count":0,"_bbp_topic_count_hidden":0,"_bbp_reply_count_hidden":0,"_bbp_forum_subforum_count":0,"pmpro_default_level":"","_kad_blocks_custom_css":"","_kad_blocks_head_custom_js":"","_kad_blocks_body_custom_js":"","_kad_blocks_footer_custom_js":"","_monsterinsights_skip_tracking":false,"_monsterinsights_sitenote_active":false,"_monsterinsights_sitenote_note":"","_monsterinsights_sitenote_category":0,"_kad_post_transparent":"","_kad_post_title":"","_kad_post_layout":"","_kad_post_sidebar_id":"","_kad_post_content_style":"","_kad_post_vertical_padding":"","_kad_post_feature":"","_kad_post_feature_position":"","_kad_post_header":false,"_kad_post_footer":false,"footnotes":""},"acf":[],"ams_acf":[],"yoast_head":"<!-- This site is optimized with the Yoast SEO plugin v22.8 - https:\/\/yoast.com\/wordpress\/plugins\/seo\/ -->\n<title>Welcome to Dubai Offroaders - Dubai Offroaders<\/title>\n<meta name=\"robots\" content=\"index, follow, max-snippet:-1, max-image-preview:large, max-video-preview:-1\" \/>\n<link rel=\"canonical\" href=\"https:\/\/dubaioffroaders.com\/web\/welcome-to-dubai-offroaders\/\" class=\"yoast-seo-meta-tag\" \/>\n<meta property=\"og:locale\" content=\"en_US\" class=\"yoast-seo-meta-tag\" \/>\n<meta property=\"og:type\" content=\"article\" class=\"yoast-seo-meta-tag\" \/>\n<meta property=\"og:title\" content=\"Welcome to Dubai Offroaders - Dubai Offroaders\" class=\"yoast-seo-meta-tag\" \/>\n<meta property=\"og:description\" content=\"So, you bought your first 4&#215;4, possibly made a few modifications such as a set of Offroad Tyres or a lift kit for the suspension, and now you are ready to start taking your vehicle off the established Roads or tracks. If you are a newcomer to off-roading \u2013 whether you\u2019re joining an organized trail...\" class=\"yoast-seo-meta-tag\" \/>\n<meta property=\"og:url\" content=\"https:\/\/dubaioffroaders.com\/web\/welcome-to-dubai-offroaders\/\" class=\"yoast-seo-meta-tag\" \/>\n<meta property=\"og:site_name\" content=\"Dubai Offroaders\" class=\"yoast-seo-meta-tag\" \/>\n<meta property=\"article:modified_time\" content=\"2023-04-25T18:06:37+00:00\" class=\"yoast-seo-meta-tag\" \/>\n<meta name=\"twitter:card\" content=\"summary_large_image\" class=\"yoast-seo-meta-tag\" \/>\n<meta name=\"twitter:label1\" content=\"Est. reading time\" class=\"yoast-seo-meta-tag\" \/>\n\t<meta name=\"twitter:data1\" content=\"7 minutes\" class=\"yoast-seo-meta-tag\" \/>\n<script type=\"application\/ld+json\" class=\"yoast-schema-graph\">{\"@context\":\"https:\/\/schema.org\",\"@graph\":[{\"@type\":\"WebPage\",\"@id\":\"https:\/\/dubaioffroaders.com\/web\/welcome-to-dubai-offroaders\/\",\"url\":\"https:\/\/dubaioffroaders.com\/web\/welcome-to-dubai-offroaders\/\",\"name\":\"Welcome to Dubai Offroaders - Dubai Offroaders\",\"isPartOf\":{\"@id\":\"https:\/\/dubaioffroaders.com\/web\/#website\"},\"datePublished\":\"2023-04-25T18:06:35+00:00\",\"dateModified\":\"2023-04-25T18:06:37+00:00\",\"breadcrumb\":{\"@id\":\"https:\/\/dubaioffroaders.com\/web\/welcome-to-dubai-offroaders\/#breadcrumb\"},\"inLanguage\":\"en-US\",\"potentialAction\":[{\"@type\":\"ReadAction\",\"target\":[\"https:\/\/dubaioffroaders.com\/web\/welcome-to-dubai-offroaders\/\"]}]},{\"@type\":\"BreadcrumbList\",\"@id\":\"https:\/\/dubaioffroaders.com\/web\/welcome-to-dubai-offroaders\/#breadcrumb\",\"itemListElement\":[{\"@type\":\"ListItem\",\"position\":1,\"name\":\"Home\",\"item\":\"https:\/\/dubaioffroaders.com\/web\/\"},{\"@type\":\"ListItem\",\"position\":2,\"name\":\"Welcome to Dubai Offroaders\"}]},{\"@type\":\"WebSite\",\"@id\":\"https:\/\/dubaioffroaders.com\/web\/#website\",\"url\":\"https:\/\/dubaioffroaders.com\/web\/\",\"name\":\"Dubai Offroaders\",\"description\":\"Just For Fun!\",\"publisher\":{\"@id\":\"https:\/\/dubaioffroaders.com\/web\/#organization\"},\"potentialAction\":[{\"@type\":\"SearchAction\",\"target\":{\"@type\":\"EntryPoint\",\"urlTemplate\":\"https:\/\/dubaioffroaders.com\/web\/?s={search_term_string}\"},\"query-input\":\"required name=search_term_string\"}],\"inLanguage\":\"en-US\"},{\"@type\":\"Organization\",\"@id\":\"https:\/\/dubaioffroaders.com\/web\/#organization\",\"name\":\"Dubai Offroaders\",\"url\":\"https:\/\/dubaioffroaders.com\/web\/\",\"logo\":{\"@type\":\"ImageObject\",\"inLanguage\":\"en-US\",\"@id\":\"https:\/\/dubaioffroaders.com\/web\/#\/schema\/logo\/image\/\",\"url\":\"https:\/\/dubaioffroaders.com\/web\/wp-content\/uploads\/2023\/01\/dubai-offroaders-full-logo-1000.png\",\"contentUrl\":\"https:\/\/dubaioffroaders.com\/web\/wp-content\/uploads\/2023\/01\/dubai-offroaders-full-logo-1000.png\",\"width\":1000,\"height\":688,\"caption\":\"Dubai Offroaders\"},\"image\":{\"@id\":\"https:\/\/dubaioffroaders.com\/web\/#\/schema\/logo\/image\/\"}}]}<\/script>\n<!-- \/ Yoast SEO plugin. -->","yoast_head_json":{"title":"Welcome to Dubai Offroaders - Dubai Offroaders","robots":{"index":"index","follow":"follow","max-snippet":"max-snippet:-1","max-image-preview":"max-image-preview:large","max-video-preview":"max-video-preview:-1"},"canonical":"https:\/\/dubaioffroaders.com\/web\/welcome-to-dubai-offroaders\/","og_locale":"en_US","og_type":"article","og_title":"Welcome to Dubai Offroaders - Dubai Offroaders","og_description":"So, you bought your first 4&#215;4, possibly made a few modifications such as a set of Offroad Tyres or a lift kit for the suspension, and now you are ready to start taking your vehicle off the established Roads or tracks. If you are a newcomer to off-roading \u2013 whether you\u2019re joining an organized trail...","og_url":"https:\/\/dubaioffroaders.com\/web\/welcome-to-dubai-offroaders\/","og_site_name":"Dubai Offroaders","article_modified_time":"2023-04-25T18:06:37+00:00","twitter_card":"summary_large_image","twitter_misc":{"Est. reading time":"7 minutes"},"schema":{"@context":"https:\/\/schema.org","@graph":[{"@type":"WebPage","@id":"https:\/\/dubaioffroaders.com\/web\/welcome-to-dubai-offroaders\/","url":"https:\/\/dubaioffroaders.com\/web\/welcome-to-dubai-offroaders\/","name":"Welcome to Dubai Offroaders - Dubai Offroaders","isPartOf":{"@id":"https:\/\/dubaioffroaders.com\/web\/#website"},"datePublished":"2023-04-25T18:06:35+00:00","dateModified":"2023-04-25T18:06:37+00:00","breadcrumb":{"@id":"https:\/\/dubaioffroaders.com\/web\/welcome-to-dubai-offroaders\/#breadcrumb"},"inLanguage":"en-US","potentialAction":[{"@type":"ReadAction","target":["https:\/\/dubaioffroaders.com\/web\/welcome-to-dubai-offroaders\/"]}]},{"@type":"BreadcrumbList","@id":"https:\/\/dubaioffroaders.com\/web\/welcome-to-dubai-offroaders\/#breadcrumb","itemListElement":[{"@type":"ListItem","position":1,"name":"Home","item":"https:\/\/dubaioffroaders.com\/web\/"},{"@type":"ListItem","position":2,"name":"Welcome to Dubai Offroaders"}]},{"@type":"WebSite","@id":"https:\/\/dubaioffroaders.com\/web\/#website","url":"https:\/\/dubaioffroaders.com\/web\/","name":"Dubai Offroaders","description":"Just For Fun!","publisher":{"@id":"https:\/\/dubaioffroaders.com\/web\/#organization"},"potentialAction":[{"@type":"SearchAction","target":{"@type":"EntryPoint","urlTemplate":"https:\/\/dubaioffroaders.com\/web\/?s={search_term_string}"},"query-input":"required name=search_term_string"}],"inLanguage":"en-US"},{"@type":"Organization","@id":"https:\/\/dubaioffroaders.com\/web\/#organization","name":"Dubai Offroaders","url":"https:\/\/dubaioffroaders.com\/web\/","logo":{"@type":"ImageObject","inLanguage":"en-US","@id":"https:\/\/dubaioffroaders.com\/web\/#\/schema\/logo\/image\/","url":"https:\/\/dubaioffroaders.com\/web\/wp-content\/uploads\/2023\/01\/dubai-offroaders-full-logo-1000.png","contentUrl":"https:\/\/dubaioffroaders.com\/web\/wp-content\/uploads\/2023\/01\/dubai-offroaders-full-logo-1000.png","width":1000,"height":688,"caption":"Dubai Offroaders"},"image":{"@id":"https:\/\/dubaioffroaders.com\/web\/#\/schema\/logo\/image\/"}}]}},"taxonomy_info":[],"featured_image_src_large":false,"author_info":{"display_name":"Amiel","author_link":"https:\/\/dubaioffroaders.com\/web\/author\/amiel\/"},"comment_info":0,"_links":{"self":[{"href":"https:\/\/dubaioffroaders.com\/web\/wp-json\/wp\/v2\/pages\/274986"}],"collection":[{"href":"https:\/\/dubaioffroaders.com\/web\/wp-json\/wp\/v2\/pages"}],"about":[{"href":"https:\/\/dubaioffroaders.com\/web\/wp-json\/wp\/v2\/types\/page"}],"author":[{"embeddable":true,"href":"https:\/\/dubaioffroaders.com\/web\/wp-json\/wp\/v2\/users\/91456"}],"replies":[{"embeddable":true,"href":"https:\/\/dubaioffroaders.com\/web\/wp-json\/wp\/v2\/comments?post=274986"}],"version-history":[{"count":0,"href":"https:\/\/dubaioffroaders.com\/web\/wp-json\/wp\/v2\/pages\/274986\/revisions"}],"wp:attachment":[{"href":"https:\/\/dubaioffroaders.com\/web\/wp-json\/wp\/v2\/media?parent=274986"}],"curies":[{"name":"wp","href":"https:\/\/api.w.org\/{rel}","templated":true}]}}